{"id":628,"date":"2018-03-08T22:26:49","date_gmt":"2018-03-09T04:26:49","guid":{"rendered":"http:\/\/www.audamedic.com\/?page_id=628"},"modified":"2023-02-23T12:33:49","modified_gmt":"2023-02-23T18:33:49","slug":"quienes-somos","status":"publish","type":"page","link":"https:\/\/www.audamedic.com\/?page_id=628","title":{"rendered":"\u00bfQUI\u00c9NES SOMOS?"},"content":{"rendered":"<p>[vc_row css_animation=&#8221;&#8221; row_type=&#8221;row&#8221; use_row_as_full_screen_section=&#8221;no&#8221; type=&#8221;full_width&#8221; angled_section=&#8221;no&#8221; text_align=&#8221;left&#8221; background_image_as_pattern=&#8221;without_pattern&#8221;][vc_column css=&#8221;.vc_custom_1528840710456{padding-right: 35px !important;padding-left: 35px !important;background-color: #ffffff !important;}&#8221;][rev_slider_vc alias=&#8221;quienes-somos&#8221;][\/vc_column][\/vc_row][vc_row css_animation=&#8221;&#8221; row_type=&#8221;row&#8221; use_row_as_full_screen_section=&#8221;no&#8221; type=&#8221;grid&#8221; angled_section=&#8221;no&#8221; text_align=&#8221;left&#8221; background_image_as_pattern=&#8221;without_pattern&#8221;][vc_column][vc_empty_space][vc_row_inner row_type=&#8221;row&#8221; type=&#8221;grid&#8221; text_align=&#8221;left&#8221; css_animation=&#8221;&#8221; css=&#8221;.vc_custom_1532983942266{padding-right: 10px !important;padding-left: 10px !important;}&#8221;][vc_column_inner][vc_column_text]<\/p>\n<h5><strong style=\"color: #009d99; font-weight: 900;\">SOLERA TECHNOLOGY HOLDINGS<\/strong><\/h5>\n<p>[\/vc_column_text][\/vc_column_inner][\/vc_row_inner][vc_row_inner row_type=&#8221;row&#8221; type=&#8221;grid&#8221; text_align=&#8221;left&#8221; css_animation=&#8221;&#8221; css=&#8221;.vc_custom_1532983932685{padding-right: 10px !important;padding-left: 10px !important;}&#8221;][vc_column_inner width=&#8221;1\/2&#8243;][vc_column_text]<\/p>\n<p class=\"p1\"><span class=\"s1\">AudaMedic es la plataforma transaccional para el Sector Salud de Solera. En el mercado Asegurador, Solera mantiene un liderazgo en el Sector de Transacciones de Siniestros, operando en m\u00e1s de 85 pa\u00edses con m\u00e1s de 235 mil clientes, entre los que destacan Aseguradoras l\u00edderes a nivel mundial.<\/span><\/p>\n<p>[\/vc_column_text][\/vc_column_inner][vc_column_inner width=&#8221;1\/2&#8243;][vc_column_text]<\/p>\n<p class=\"p2\"><span class=\"s2\">Grupo Solera tiene amplia experiencia en la gesti\u00f3n de informaci\u00f3n digital, como la automatizaci\u00f3n de procesos documentales y transaccionales, al igual que en la digitalizaci\u00f3n de documentos, gracias a diversos sistemas y procesos para la generaci\u00f3n, validaci\u00f3n y actualizaci\u00f3n de bases de datos a partir de informaci\u00f3n f\u00edsica o digital.<\/span><\/p>\n<p>[\/vc_column_text][\/vc_column_inner][\/vc_row_inner][vc_empty_space height=&#8221;35px&#8221;][\/vc_column][\/vc_row][vc_row css_animation=&#8221;&#8221; row_type=&#8221;row&#8221; use_row_as_full_screen_section=&#8221;no&#8221; type=&#8221;full_width&#8221; angled_section=&#8221;no&#8221; text_align=&#8221;left&#8221; background_image_as_pattern=&#8221;without_pattern&#8221; css=&#8221;.vc_custom_1527610296983{background-color: #f4f4f4 !important;}&#8221;][vc_column][vc_empty_space height=&#8221;35px&#8221;][vc_row_inner row_type=&#8221;row&#8221; type=&#8221;grid&#8221; text_align=&#8221;left&#8221; css_animation=&#8221;&#8221;][vc_column_inner width=&#8221;1\/2&#8243;][vc_empty_space height=&#8221;35px&#8221;][vc_column_text]<\/p>\n<h3 style=\"text-align: right;\">7 transacciones de Solera se<\/h3>\n<h3 style=\"text-align: right;\">generan cada segundo.<\/h3>\n<p>[\/vc_column_text][\/vc_column_inner][vc_column_inner width=&#8221;1\/2&#8243; css=&#8221;.vc_custom_1528912842502{padding-right: 105px !important;}&#8221;][vc_column_text]Solera procesa m\u00e1s de 300 millones de transacciones al a\u00f1o. Con 235,000 clientes en m\u00e1s de 85 pa\u00edses, estamos posicionados para enriquecer la experiencia del veh\u00edculo tanto para el 90% de los conductores que no tendr\u00e1n un reclamo sobre una base anual como para el 10% que lo hacen.[\/vc_column_text][vc_empty_space height=&#8221;35px&#8221;]<a  itemprop=\"url\" href=\"http:\/\/www.audamedic.com\/?page_id=933\" target=\"_self\"  class=\"qbutton  center default\" style=\"\">Explora el mundo Solera<\/a>[\/vc_column_inner][\/vc_row_inner][vc_empty_space height=&#8221;35px&#8221;][vc_single_image image=&#8221;967&#8243; img_size=&#8221;650&#215;343&#8243; alignment=&#8221;center&#8221; style=&#8221;vc_box_rounded&#8221; onclick=&#8221;zoom&#8221; qode_css_animation=&#8221;element_from_right&#8221;][vc_column_text]<\/p>\n<h4 style=\"text-align: center;\"><a style=\"color: #009d99; font-weight: 900;\" href=\"https:\/\/www.solera.com\/\" target=\"_blank\" rel=\"noopener\"><u>Visita Solera<\/u><\/a><\/h4>\n<p>[\/vc_column_text][vc_empty_space height=&#8221;35px&#8221;][\/vc_column][\/vc_row][vc_row css_animation=&#8221;&#8221; row_type=&#8221;row&#8221; use_row_as_full_screen_section=&#8221;no&#8221; type=&#8221;grid&#8221; angled_section=&#8221;no&#8221; text_align=&#8221;left&#8221; background_image_as_pattern=&#8221;without_pattern&#8221; css=&#8221;.vc_custom_1528840901547{padding-right: 0px !important;padding-left: 0px !important;}&#8221;][vc_column css=&#8221;.vc_custom_1528907177047{margin-bottom: 25px !important;background-color: #ffffff !important;}&#8221;][vc_row_inner row_type=&#8221;row&#8221; type=&#8221;full_width&#8221; text_align=&#8221;left&#8221; css_animation=&#8221;&#8221;][vc_column_inner css=&#8221;.vc_custom_1528907041070{padding-right: 85px !important;padding-left: 85px !important;}&#8221;][vc_column_text]<\/p>\n<h4 style=\"text-align: center;\"><strong style=\"color: #009d99; font-weight: 900;\">AudaMedic <\/strong><strong>SE IDENTIFICA POR:<\/strong><\/h4>\n<p>[\/vc_column_text][vc_empty_space][\/vc_column_inner][\/vc_row_inner][vc_row_inner row_type=&#8221;row&#8221; type=&#8221;grid&#8221; text_align=&#8221;left&#8221; css_animation=&#8221;&#8221;][vc_column_inner width=&#8221;1\/3&#8243; css=&#8221;.vc_custom_1528906980194{padding-right: 85px !important;padding-left: 85px !important;}&#8221;][\/vc_column_inner][vc_column_inner width=&#8221;1\/3&#8243;][\/vc_column_inner][vc_column_inner width=&#8221;1\/3&#8243;][\/vc_column_inner][\/vc_row_inner][\/vc_column][\/vc_row][vc_row css_animation=&#8221;&#8221; row_type=&#8221;row&#8221; use_row_as_full_screen_section=&#8221;no&#8221; type=&#8221;full_width&#8221; angled_section=&#8221;no&#8221; text_align=&#8221;left&#8221; background_image_as_pattern=&#8221;without_pattern&#8221;][vc_column width=&#8221;1\/3&#8243;][vc_column_text]<\/p>\n<h5><strong style=\"color: #009d99; font-weight: 900;\">Modelo de Negocio<\/strong><\/h5>\n<ul>\n<li>AudaMedic es una plataforma con un modelo automatizado para Gastos M\u00e9dicos que opera a trav\u00e9s de la inteligencia cl\u00ednica y administrativa.<\/li>\n<li>Contenido de mejores pr\u00e1cticas, gu\u00edas cl\u00ednicas, CIE 10, normas nacionales e internacionales.<\/li>\n<\/ul>\n<p>[\/vc_column_text][vc_empty_space height=&#8221;25px&#8221;][\/vc_column][vc_column width=&#8221;1\/3&#8243;][vc_column_text]<\/p>\n<h5><strong style=\"color: #009d99; font-weight: 900;\">Tecnolog\u00eda<\/strong><\/h5>\n<ul>\n<li>Es una plataforma desarrollada con las mejores pr\u00e1cticas y tecnolog\u00eda de punta.<\/li>\n<li>Plataforma m\u00f3vil.<\/li>\n<li>Tecnol\u00f3gicamente montado en un Data Center Tier 3.<\/li>\n<li>Tecnolog\u00eda basada en un modelo de transacciones con el menor costo operativo para la Aseguradora.<\/li>\n<li>Asegura la integraci\u00f3n e interconexi\u00f3n del ecosistema: Aseguradora, Proveedor, Br\u00f3ker, Asegurado.<\/li>\n<\/ul>\n<p>[\/vc_column_text][vc_empty_space height=&#8221;25px&#8221;][\/vc_column][vc_column width=&#8221;1\/3&#8243;][vc_column_text]<\/p>\n<h5><strong style=\"color: #009d99; font-weight: 900;\">Modelo de Adopci\u00f3n<\/strong><\/h5>\n<ul>\n<li>Grupo de Consultores Especialistas en el Sector Asegurador, tanto m\u00e9dico y administrativo.<\/li>\n<li>Experiencia en Modelo de Gesti\u00f3n: procesos, personas y tecnolog\u00eda.<\/li>\n<li>Metodolog\u00eda de Gesti\u00f3n del Cambio.<\/li>\n<\/ul>\n<p>[\/vc_column_text][vc_empty_space height=&#8221;25px&#8221;][\/vc_column][\/vc_row][vc_row css_animation=&#8221;&#8221; row_type=&#8221;row&#8221; use_row_as_full_screen_section=&#8221;no&#8221; type=&#8221;grid&#8221; angled_section=&#8221;no&#8221; text_align=&#8221;left&#8221; background_image_as_pattern=&#8221;without_pattern&#8221; css=&#8221;.vc_custom_1528840901547{padding-right: 0px !important;padding-left: 0px !important;}&#8221;][vc_column css=&#8221;.vc_custom_1528907177047{margin-bottom: 25px !important;background-color: #ffffff !important;}&#8221;][vc_row_inner row_type=&#8221;row&#8221; type=&#8221;full_width&#8221; text_align=&#8221;left&#8221; css_animation=&#8221;&#8221;][vc_column_inner css=&#8221;.vc_custom_1528907041070{padding-right: 85px !important;padding-left: 85px !important;}&#8221;][vc_column_text]<\/p>\n<div class=\"wpb_wrapper\">\n<p style=\"text-align: center; margin: 0px !important; font-size: 21px;\"><strong style=\"color: #009d99; font-weight: 900;\">Certificaciones<\/strong><\/p>\n<p style=\"text-align: center; margin: 0px !important;\"><a href=\"https:\/\/www.audamedic.com\/?page_id=1683\">M\u00e1s Informaci\u00f3n<\/a><\/p>\n<\/div>\n<p>[\/vc_column_text][vc_empty_space][\/vc_column_inner][\/vc_row_inner][\/vc_column][\/vc_row]<\/p>\n","protected":false},"excerpt":{"rendered":"<p>[vc_row css_animation=&#8221;&#8221; row_type=&#8221;row&#8221; use_row_as_full_screen_section=&#8221;no&#8221; type=&#8221;full_width&#8221; angled_section=&#8221;no&#8221; text_align=&#8221;left&#8221; background_image_as_pattern=&#8221;without_pattern&#8221;][vc_column css=&#8221;.vc_custom_1528840710456{padding-right: 35px !important;padding-left: 35px !important;background-color: #ffffff !important;}&#8221;][rev_slider_vc alias=&#8221;quienes-somos&#8221;][\/vc_column][\/vc_row][vc_row css_animation=&#8221;&#8221; row_type=&#8221;row&#8221; use_row_as_full_screen_section=&#8221;no&#8221; type=&#8221;grid&#8221; angled_section=&#8221;no&#8221; text_align=&#8221;left&#8221; background_image_as_pattern=&#8221;without_pattern&#8221;][vc_column][vc_empty_space][vc_row_inner row_type=&#8221;row&#8221; type=&#8221;grid&#8221; text_align=&#8221;left&#8221; css_animation=&#8221;&#8221; css=&#8221;.vc_custom_1532983942266{padding-right: 10px !important;padding-left: 10px !important;}&#8221;][vc_column_inner][vc_column_text] SOLERA TECHNOLOGY HOLDINGS [\/vc_column_text][\/vc_column_inner][\/vc_row_inner][vc_row_inner row_type=&#8221;row&#8221; type=&#8221;grid&#8221; text_align=&#8221;left&#8221; css_animation=&#8221;&#8221; css=&#8221;.vc_custom_1532983932685{padding-right: 10px !important;padding-left: 10px !important;}&#8221;][vc_column_inner&#8230;<\/p>\n","protected":false},"author":1,"featured_media":0,"parent":0,"menu_order":0,"comment_status":"closed","ping_status":"closed","template":"","meta":{"_mi_skip_tracking":false,"_exactmetrics_sitenote_active":false,"_exactmetrics_sitenote_note":"","_exactmetrics_sitenote_category":0},"_links":{"self":[{"href":"https:\/\/www.audamedic.com\/index.php?rest_route=\/wp\/v2\/pages\/628"}],"collection":[{"href":"https:\/\/www.audamedic.com\/index.php?rest_route=\/wp\/v2\/pages"}],"about":[{"href":"https:\/\/www.audamedic.com\/index.php?rest_route=\/wp\/v2\/types\/page"}],"author":[{"embeddable":true,"href":"https:\/\/www.audamedic.com\/index.php?rest_route=\/wp\/v2\/users\/1"}],"replies":[{"embeddable":true,"href":"https:\/\/www.audamedic.com\/index.php?rest_route=%2Fwp%2Fv2%2Fcomments&post=628"}],"version-history":[{"count":145,"href":"https:\/\/www.audamedic.com\/index.php?rest_route=\/wp\/v2\/pages\/628\/revisions"}],"predecessor-version":[{"id":1780,"href":"https:\/\/www.audamedic.com\/index.php?rest_route=\/wp\/v2\/pages\/628\/revisions\/1780"}],"wp:attachment":[{"href":"https:\/\/www.audamedic.com\/index.php?rest_route=%2Fwp%2Fv2%2Fmedia&parent=628"}],"curies":[{"name":"wp","href":"https:\/\/api.w.org\/{rel}","templated":true}]}}